{"id":400,"date":"2023-06-24T16:41:36","date_gmt":"2023-06-24T14:41:36","guid":{"rendered":"http:\/\/leabstudio.com\/?post_type=product&#038;p=400"},"modified":"2023-08-19T17:28:26","modified_gmt":"2023-08-19T15:28:26","slug":"celebrity","status":"publish","type":"product","link":"https:\/\/leabstudio.com\/fr\/produit\/celebrity\/","title":{"rendered":"Celebrity"},"content":{"rendered":"<p>Est ce que vous \u00eates fan d'une c\u00e9l\u00e9brit\u00e9, ou \u00e0 la recherche d'un cadeau d'anniversaire? Cette aquarelle est faite pour vous !<br \/>\nEnvoyez moi une photo et je la reproduirai \u00e0 ma fa\u00e7on.<\/p>\n<p>Format A4<\/p>","protected":false},"excerpt":{"rendered":"<p>Are you a fan of a celebrity or looking for a birthday present? This watercolour is for you! Send me a photo and I&#8217;ll reproduce it in my own way. Format A4<\/p>","protected":false},"featured_media":402,"comment_status":"open","ping_status":"closed","template":"","meta":[],"product_cat":[19,22],"product_tag":[],"class_list":["post-400","product","type-product","status-publish","has-post-thumbnail","hentry","product_cat-shop","product_cat-customwatercolor"],"_links":{"self":[{"href":"https:\/\/leabstudio.com\/fr\/wp-json\/wp\/v2\/product\/400","targetHints":{"allow":["GET"]}}],"collection":[{"href":"https:\/\/leabstudio.com\/fr\/wp-json\/wp\/v2\/product"}],"about":[{"href":"https:\/\/leabstudio.com\/fr\/wp-json\/wp\/v2\/types\/product"}],"replies":[{"embeddable":true,"href":"https:\/\/leabstudio.com\/fr\/wp-json\/wp\/v2\/comments?post=400"}],"wp:featuredmedia":[{"embeddable":true,"href":"https:\/\/leabstudio.com\/fr\/wp-json\/wp\/v2\/media\/402"}],"wp:attachment":[{"href":"https:\/\/leabstudio.com\/fr\/wp-json\/wp\/v2\/media?parent=400"}],"wp:term":[{"taxonomy":"product_cat","embeddable":true,"href":"https:\/\/leabstudio.com\/fr\/wp-json\/wp\/v2\/product_cat?post=400"},{"taxonomy":"product_tag","embeddable":true,"href":"https:\/\/leabstudio.com\/fr\/wp-json\/wp\/v2\/product_tag?post=400"}],"curies":[{"name":"wp","href":"https:\/\/api.w.org\/{rel}","templated":true}]}}