{"id":372,"date":"2023-06-24T15:42:13","date_gmt":"2023-06-24T13:42:13","guid":{"rendered":"http:\/\/leabstudio.com\/?post_type=product&#038;p=372"},"modified":"2023-06-25T19:35:30","modified_gmt":"2023-06-25T17:35:30","slug":"customised-watercolor","status":"publish","type":"product","link":"https:\/\/leabstudio.com\/fr\/produit\/customised-watercolor\/","title":{"rendered":"Aquarelle personnalis\u00e9e"},"content":{"rendered":"<p>Vous cherchez un paysage, un bouquet de fleurs, un v\u00e9lo...? Dites moi ce qui vous plairait et je le r\u00e9aliserai \u00e0 ma mani\u00e8re !<\/p>\n<p>Vous pouvez m'envoyer une photo, une description plus ou moins d\u00e9taill\u00e9e ou juste un th\u00e8me.<\/p>","protected":false},"excerpt":{"rendered":"<p>Looking for a landscape, a bunch of flowers, a bike&#8230;? Tell me what you want and I&#8217;ll fulfil it in my own way! You can send me a photo, a more or less detailed description or just a keyword.<\/p>","protected":false},"featured_media":335,"comment_status":"open","ping_status":"closed","template":"","meta":[],"product_cat":[19,22],"product_tag":[],"class_list":["post-372","product","type-product","status-publish","has-post-thumbnail","hentry","product_cat-shop","product_cat-customwatercolor"],"_links":{"self":[{"href":"https:\/\/leabstudio.com\/fr\/wp-json\/wp\/v2\/product\/372","targetHints":{"allow":["GET"]}}],"collection":[{"href":"https:\/\/leabstudio.com\/fr\/wp-json\/wp\/v2\/product"}],"about":[{"href":"https:\/\/leabstudio.com\/fr\/wp-json\/wp\/v2\/types\/product"}],"replies":[{"embeddable":true,"href":"https:\/\/leabstudio.com\/fr\/wp-json\/wp\/v2\/comments?post=372"}],"wp:featuredmedia":[{"embeddable":true,"href":"https:\/\/leabstudio.com\/fr\/wp-json\/wp\/v2\/media\/335"}],"wp:attachment":[{"href":"https:\/\/leabstudio.com\/fr\/wp-json\/wp\/v2\/media?parent=372"}],"wp:term":[{"taxonomy":"product_cat","embeddable":true,"href":"https:\/\/leabstudio.com\/fr\/wp-json\/wp\/v2\/product_cat?post=372"},{"taxonomy":"product_tag","embeddable":true,"href":"https:\/\/leabstudio.com\/fr\/wp-json\/wp\/v2\/product_tag?post=372"}],"curies":[{"name":"wp","href":"https:\/\/api.w.org\/{rel}","templated":true}]}}