{"id":314,"date":"2023-06-22T22:19:04","date_gmt":"2023-06-22T20:19:04","guid":{"rendered":"http:\/\/leabstudio.com\/?post_type=product&#038;p=314"},"modified":"2023-08-19T18:28:54","modified_gmt":"2023-08-19T16:28:54","slug":"kids-class","status":"publish","type":"product","link":"https:\/\/leabstudio.com\/fr\/produit\/kids-class\/","title":{"rendered":"Kids class &#8211; 10 sessions"},"content":{"rendered":"<p>Encouragez votre enfant \u00e0 explorer l'art \u00e0 travers l'aquarelle. En 10 s\u00e9ances d'une heure, il apprendra les bases de l'aquarelle, avec un exercice amusant pour chaque s\u00e9ance qu'il pourra fi\u00e8rement encadrer dans sa chambre ou offrir en cadeau !<\/p>\n<p>Animaux, objets, fleurs... les centres d'int\u00e9r\u00eat de votre enfant seront abord\u00e9s dans des activit\u00e9s amusantes, \u00e9tape par \u00e9tape !<br \/>\nEach lesson is 100% adapted to your child.<\/p>","protected":false},"excerpt":{"rendered":"<p>Encourage your child to explore art through watercolors. In 10 one-hour sessions, he\u2019ll learn the basics of watercolor, with a fun exercise for each session that he can proudly frame in his room or give as a gift! Animals, objects, flowers&#8230; your child&#8217;s interests will be covered in fun, step-by-step activities! Each lesson is 100% [&hellip;]<\/p>","protected":false},"featured_media":377,"comment_status":"open","ping_status":"closed","template":"","meta":[],"product_cat":[20],"product_tag":[],"class_list":["post-314","product","type-product","status-publish","has-post-thumbnail","hentry","product_cat-classes"],"_links":{"self":[{"href":"https:\/\/leabstudio.com\/fr\/wp-json\/wp\/v2\/product\/314","targetHints":{"allow":["GET"]}}],"collection":[{"href":"https:\/\/leabstudio.com\/fr\/wp-json\/wp\/v2\/product"}],"about":[{"href":"https:\/\/leabstudio.com\/fr\/wp-json\/wp\/v2\/types\/product"}],"replies":[{"embeddable":true,"href":"https:\/\/leabstudio.com\/fr\/wp-json\/wp\/v2\/comments?post=314"}],"wp:featuredmedia":[{"embeddable":true,"href":"https:\/\/leabstudio.com\/fr\/wp-json\/wp\/v2\/media\/377"}],"wp:attachment":[{"href":"https:\/\/leabstudio.com\/fr\/wp-json\/wp\/v2\/media?parent=314"}],"wp:term":[{"taxonomy":"product_cat","embeddable":true,"href":"https:\/\/leabstudio.com\/fr\/wp-json\/wp\/v2\/product_cat?post=314"},{"taxonomy":"product_tag","embeddable":true,"href":"https:\/\/leabstudio.com\/fr\/wp-json\/wp\/v2\/product_tag?post=314"}],"curies":[{"name":"wp","href":"https:\/\/api.w.org\/{rel}","templated":true}]}}