{"id":313,"date":"2023-06-22T22:15:53","date_gmt":"2023-06-22T20:15:53","guid":{"rendered":"http:\/\/leabstudio.com\/?post_type=product&#038;p=313"},"modified":"2023-08-19T18:55:44","modified_gmt":"2023-08-19T16:55:44","slug":"introductory-watercolor-class","status":"publish","type":"product","link":"https:\/\/leabstudio.com\/fr\/produit\/introductory-watercolor-class\/","title":{"rendered":"Introductory watercolor class &#8211; 2 hours"},"content":{"rendered":"<p>Vous aimeriez vous essayer \u00e0 l'aquarelle mais vous n'\u00eates pas s\u00fbr d'aimer cela ? Ce cours de 2 heures avec moi est fait pour vous.<br \/>\nD\u00e9couvrez les bases de l'aquarelle sans engagement, juste pour le plaisir d'essayer !<\/p>\n<p>Vous commencerez par de petits exercices pour tester le mat\u00e9riel qui vous entoure : pinceaux, aquarelles (couleurs), papiers, eau...<br \/>\nEnsuite, tu feras une activit\u00e9 en fonction de tes centres d'int\u00e9r\u00eat : fleurs, objets, animaux, v\u00e9g\u00e9tation, paysage...<br \/>\nVous terminerez par une cr\u00e9ation guid\u00e9e \u00e9tape par \u00e9tape que vous pourrez emporter chez vous, accompagn\u00e9e d'une petite surprise.<\/p>","protected":false},"excerpt":{"rendered":"<p>Would you like to try your hand at watercolor but aren\u2019t sure you\u2019d enjoy it? This 2-hour class with me is for you. Understand the elements of watercolor without commitment, just for the pleasure of discovering! You&#8217;ll start with small exercises to test the materials around you: brushes, watercolors (colors), papers, water&#8230; Then you&#8217;ll do [&hellip;]<\/p>","protected":false},"featured_media":378,"comment_status":"open","ping_status":"closed","template":"","meta":[],"product_cat":[20],"product_tag":[],"class_list":["post-313","product","type-product","status-publish","has-post-thumbnail","hentry","product_cat-classes"],"_links":{"self":[{"href":"https:\/\/leabstudio.com\/fr\/wp-json\/wp\/v2\/product\/313","targetHints":{"allow":["GET"]}}],"collection":[{"href":"https:\/\/leabstudio.com\/fr\/wp-json\/wp\/v2\/product"}],"about":[{"href":"https:\/\/leabstudio.com\/fr\/wp-json\/wp\/v2\/types\/product"}],"replies":[{"embeddable":true,"href":"https:\/\/leabstudio.com\/fr\/wp-json\/wp\/v2\/comments?post=313"}],"wp:featuredmedia":[{"embeddable":true,"href":"https:\/\/leabstudio.com\/fr\/wp-json\/wp\/v2\/media\/378"}],"wp:attachment":[{"href":"https:\/\/leabstudio.com\/fr\/wp-json\/wp\/v2\/media?parent=313"}],"wp:term":[{"taxonomy":"product_cat","embeddable":true,"href":"https:\/\/leabstudio.com\/fr\/wp-json\/wp\/v2\/product_cat?post=313"},{"taxonomy":"product_tag","embeddable":true,"href":"https:\/\/leabstudio.com\/fr\/wp-json\/wp\/v2\/product_tag?post=313"}],"curies":[{"name":"wp","href":"https:\/\/api.w.org\/{rel}","templated":true}]}}