{"id":312,"date":"2023-06-22T22:14:14","date_gmt":"2023-06-22T20:14:14","guid":{"rendered":"http:\/\/leabstudio.com\/?post_type=product&#038;p=312"},"modified":"2023-08-19T20:13:41","modified_gmt":"2023-08-19T18:13:41","slug":"master-the-basics","status":"publish","type":"product","link":"https:\/\/leabstudio.com\/fr\/produit\/master-the-basics\/","title":{"rendered":"Master the Basics &#8211; 5 sessions"},"content":{"rendered":"<div class=\"elementor-element elementor-element-5e11c1a elementor-widget elementor-widget-text-editor\" data-id=\"5e11c1a\" data-element_type=\"widget\" data-widget_type=\"text-editor.default\">\n<div class=\"elementor-widget-container\">\n<div class=\"page\" title=\"Page 8\">\n<div class=\"section\">\n<div class=\"layoutArea\">\n<div class=\"column\">\n<p>Apprenez 10 basiques de l'aquarelle fleurie et comment les combiner facilement en 5 s\u00e9ances. Gr\u00e2ce aux conseils de L\u00e9a, vous \u00e9viterez les erreurs les plus courantes des d\u00e9butants.<\/p>\n<\/div>\n<\/div>\n<div class=\"layoutArea\">\n<div class=\"column\">\n<p>Offrez-vous un vrai moment de relaxation<\/p>\n<\/div>\n<\/div>\n<\/div>\n<\/div>\n<\/div>\n<\/div>","protected":false},"excerpt":{"rendered":"<p>Learn 10 flowery watercolor basics and how to combine them easily in 5 sessions. With Le\u0301a\u2019s advice, you\u2019ll avoid the most common beginner\u2019s mistakes. Treat yourself to real moments of relaxation.<\/p>","protected":false},"featured_media":376,"comment_status":"open","ping_status":"closed","template":"","meta":[],"product_cat":[20],"product_tag":[],"class_list":["post-312","product","type-product","status-publish","has-post-thumbnail","hentry","product_cat-classes"],"_links":{"self":[{"href":"https:\/\/leabstudio.com\/fr\/wp-json\/wp\/v2\/product\/312","targetHints":{"allow":["GET"]}}],"collection":[{"href":"https:\/\/leabstudio.com\/fr\/wp-json\/wp\/v2\/product"}],"about":[{"href":"https:\/\/leabstudio.com\/fr\/wp-json\/wp\/v2\/types\/product"}],"replies":[{"embeddable":true,"href":"https:\/\/leabstudio.com\/fr\/wp-json\/wp\/v2\/comments?post=312"}],"wp:featuredmedia":[{"embeddable":true,"href":"https:\/\/leabstudio.com\/fr\/wp-json\/wp\/v2\/media\/376"}],"wp:attachment":[{"href":"https:\/\/leabstudio.com\/fr\/wp-json\/wp\/v2\/media?parent=312"}],"wp:term":[{"taxonomy":"product_cat","embeddable":true,"href":"https:\/\/leabstudio.com\/fr\/wp-json\/wp\/v2\/product_cat?post=312"},{"taxonomy":"product_tag","embeddable":true,"href":"https:\/\/leabstudio.com\/fr\/wp-json\/wp\/v2\/product_tag?post=312"}],"curies":[{"name":"wp","href":"https:\/\/api.w.org\/{rel}","templated":true}]}}