{"id":266,"date":"2023-06-22T21:36:22","date_gmt":"2023-06-22T19:36:22","guid":{"rendered":"http:\/\/leabstudio.com\/?post_type=product&#038;p=266"},"modified":"2023-07-03T17:51:43","modified_gmt":"2023-07-03T15:51:43","slug":"monogram-your-letter","status":"publish","type":"product","link":"https:\/\/leabstudio.com\/fr\/produit\/monogram-your-letter\/","title":{"rendered":"Monogram &#8211; Your Letter"},"content":{"rendered":"<p>Le monogramme fleuri met en valeur la lettre de votre choix.<br \/>\nPour cela, choisissez votre lettre et les couleurs que vous aimeriez avoir.<\/p>\n<p>Cette aquarelle unique, peinte avec amour dans mon studio d'Amsterdam, est disponible au format 14.<br \/>\nId\u00e9al \u00e0 offrir comme cadeau de d\u00e9coration d'une chambre.<\/p>\n<p><em>Bonus: pour un extra de 10\u20ac, vous pouvez combiner 2 lettres. Id\u00e9al pour un mariage. Pr\u00e9cisez le dans votre message.<\/em><\/p>","protected":false},"excerpt":{"rendered":"<p>The floral monograms highlight the letter of your choice. To do this, choose your letter and tell me what colours you&#8217;d like to use to highlight it. This unique watercolour, handmade in my studio in Amsterdam, is available in A4 format (21&#215;29,7). It is ideal for a bedroom decoration to give as a gift. Bonus: [&hellip;]<\/p>","protected":false},"featured_media":351,"comment_status":"open","ping_status":"closed","template":"","meta":[],"product_cat":[19,22],"product_tag":[],"class_list":["post-266","product","type-product","status-publish","has-post-thumbnail","hentry","product_cat-shop","product_cat-customwatercolor"],"_links":{"self":[{"href":"https:\/\/leabstudio.com\/fr\/wp-json\/wp\/v2\/product\/266","targetHints":{"allow":["GET"]}}],"collection":[{"href":"https:\/\/leabstudio.com\/fr\/wp-json\/wp\/v2\/product"}],"about":[{"href":"https:\/\/leabstudio.com\/fr\/wp-json\/wp\/v2\/types\/product"}],"replies":[{"embeddable":true,"href":"https:\/\/leabstudio.com\/fr\/wp-json\/wp\/v2\/comments?post=266"}],"wp:featuredmedia":[{"embeddable":true,"href":"https:\/\/leabstudio.com\/fr\/wp-json\/wp\/v2\/media\/351"}],"wp:attachment":[{"href":"https:\/\/leabstudio.com\/fr\/wp-json\/wp\/v2\/media?parent=266"}],"wp:term":[{"taxonomy":"product_cat","embeddable":true,"href":"https:\/\/leabstudio.com\/fr\/wp-json\/wp\/v2\/product_cat?post=266"},{"taxonomy":"product_tag","embeddable":true,"href":"https:\/\/leabstudio.com\/fr\/wp-json\/wp\/v2\/product_tag?post=266"}],"curies":[{"name":"wp","href":"https:\/\/api.w.org\/{rel}","templated":true}]}}