{"id":237,"date":"2023-06-22T21:26:19","date_gmt":"2023-06-22T19:26:19","guid":{"rendered":"http:\/\/leabstudio.com\/?post_type=product&#038;p=237"},"modified":"2023-06-25T19:05:00","modified_gmt":"2023-06-25T17:05:00","slug":"one-line-drawing-bodies","status":"publish","type":"product","link":"https:\/\/leabstudio.com\/fr\/produit\/one-line-drawing-bodies\/","title":{"rendered":"Bodies &#8211; one line drawing"},"content":{"rendered":"<p>Mes 9 corps de femmes<br \/>\nLequel est votre pr\u00e9f\u00e9r\u00e9?<\/p>\n<p>Toutes ces cr\u00e9ations sont peintes \u00e0 la main dans min studio d'Amsterdam et seront dat\u00e9es et sign\u00e9es<br \/>\n2 formats disponibles: A4 et A5<\/p>\n<p>Parfaite \u00e0 combiner avec une aquarelle Visage du m\u00eame format<\/p>","protected":false},"excerpt":{"rendered":"<p>My 9 bodies of women Which one is your favourite? All these creations are handmade in my studio in Amsterdam and will be signed and dated. They come in 2 formats: A4 and A5. Ideal to combine with a face in the same format.<\/p>","protected":false},"featured_media":346,"comment_status":"open","ping_status":"closed","template":"","meta":[],"product_cat":[19],"product_tag":[],"class_list":["post-237","product","type-product","status-publish","has-post-thumbnail","hentry","product_cat-shop"],"_links":{"self":[{"href":"https:\/\/leabstudio.com\/fr\/wp-json\/wp\/v2\/product\/237","targetHints":{"allow":["GET"]}}],"collection":[{"href":"https:\/\/leabstudio.com\/fr\/wp-json\/wp\/v2\/product"}],"about":[{"href":"https:\/\/leabstudio.com\/fr\/wp-json\/wp\/v2\/types\/product"}],"replies":[{"embeddable":true,"href":"https:\/\/leabstudio.com\/fr\/wp-json\/wp\/v2\/comments?post=237"}],"wp:featuredmedia":[{"embeddable":true,"href":"https:\/\/leabstudio.com\/fr\/wp-json\/wp\/v2\/media\/346"}],"wp:attachment":[{"href":"https:\/\/leabstudio.com\/fr\/wp-json\/wp\/v2\/media?parent=237"}],"wp:term":[{"taxonomy":"product_cat","embeddable":true,"href":"https:\/\/leabstudio.com\/fr\/wp-json\/wp\/v2\/product_cat?post=237"},{"taxonomy":"product_tag","embeddable":true,"href":"https:\/\/leabstudio.com\/fr\/wp-json\/wp\/v2\/product_tag?post=237"}],"curies":[{"name":"wp","href":"https:\/\/api.w.org\/{rel}","templated":true}]}}