{"id":207,"date":"2023-06-22T20:27:13","date_gmt":"2023-06-22T18:27:13","guid":{"rendered":"http:\/\/leabstudio.com\/?post_type=product&#038;p=207"},"modified":"2023-06-24T14:43:13","modified_gmt":"2023-06-24T12:43:13","slug":"onelinedrawingfaces","status":"publish","type":"product","link":"https:\/\/leabstudio.com\/fr\/produit\/onelinedrawingfaces\/","title":{"rendered":"Faces &#8211; one line drawing"},"content":{"rendered":"<p>Mes 8 visages fleuris de femmes.<br \/>\nLequel est votre pr\u00e9f\u00e9r\u00e9?<\/p>\n<p>Toutes ces cr\u00e9ations sont peintes \u00e0 la main dans min studio d'Amsterdam et seront dat\u00e9es et sign\u00e9es<br \/>\n2 formats disponibles: A4 et A5<\/p>\n<p>Parfaites \u00e0 combiner avec une aquarelle Body du m\u00eame format.<\/p>","protected":false},"excerpt":{"rendered":"<p>My 8 faces of flowery women. Which one is your favourite? All these creations are handmade in my studio in Amsterdam and will be signed and dated. They come in 2 formats: A4 and A5. Ideal to combine with a body in the same format.<\/p>","protected":false},"featured_media":328,"comment_status":"open","ping_status":"closed","template":"","meta":[],"product_cat":[19],"product_tag":[],"class_list":["post-207","product","type-product","status-publish","has-post-thumbnail","hentry","product_cat-shop"],"_links":{"self":[{"href":"https:\/\/leabstudio.com\/fr\/wp-json\/wp\/v2\/product\/207","targetHints":{"allow":["GET"]}}],"collection":[{"href":"https:\/\/leabstudio.com\/fr\/wp-json\/wp\/v2\/product"}],"about":[{"href":"https:\/\/leabstudio.com\/fr\/wp-json\/wp\/v2\/types\/product"}],"replies":[{"embeddable":true,"href":"https:\/\/leabstudio.com\/fr\/wp-json\/wp\/v2\/comments?post=207"}],"wp:featuredmedia":[{"embeddable":true,"href":"https:\/\/leabstudio.com\/fr\/wp-json\/wp\/v2\/media\/328"}],"wp:attachment":[{"href":"https:\/\/leabstudio.com\/fr\/wp-json\/wp\/v2\/media?parent=207"}],"wp:term":[{"taxonomy":"product_cat","embeddable":true,"href":"https:\/\/leabstudio.com\/fr\/wp-json\/wp\/v2\/product_cat?post=207"},{"taxonomy":"product_tag","embeddable":true,"href":"https:\/\/leabstudio.com\/fr\/wp-json\/wp\/v2\/product_tag?post=207"}],"curies":[{"name":"wp","href":"https:\/\/api.w.org\/{rel}","templated":true}]}}