{"id":296,"date":"2023-06-22T21:59:07","date_gmt":"2023-06-22T19:59:07","guid":{"rendered":"http:\/\/leabstudio.com\/?page_id=296"},"modified":"2023-08-19T17:40:31","modified_gmt":"2023-08-19T15:40:31","slug":"gift-it","status":"publish","type":"page","link":"https:\/\/leabstudio.com\/fr\/gift-it\/","title":{"rendered":"Gift it"},"content":{"rendered":"<div data-elementor-type=\"wp-page\" data-elementor-id=\"296\" class=\"elementor elementor-296\">\n\t\t\t\t\t\t\t\t\t<section class=\"elementor-section elementor-top-section elementor-element elementor-element-931c26a elementor-section-boxed elementor-section-height-default elementor-section-height-default\" data-id=\"931c26a\" data-element_type=\"section\" data-settings=\"{&quot;background_background&quot;:&quot;classic&quot;}\">\n\t\t\t\t\t\t<div class=\"elementor-container elementor-column-gap-default\">\n\t\t\t\t\t<div class=\"elementor-column elementor-col-50 elementor-top-column elementor-element elementor-element-0fc7b43\" data-id=\"0fc7b43\" data-element_type=\"column\">\n\t\t\t<div class=\"elementor-widget-wrap elementor-element-populated\">\n\t\t\t\t\t\t\t\t<div class=\"elementor-element elementor-element-a1d04c0 elementor-widget elementor-widget-heading\" data-id=\"a1d04c0\" data-element_type=\"widget\" data-widget_type=\"heading.default\">\n\t\t\t\t<div class=\"elementor-widget-container\">\n\t\t\t<style>\/*! elementor - v3.15.0 - 09-08-2023 *\/\n.elementor-heading-title{padding:0;margin:0;line-height:1}.elementor-widget-heading .elementor-heading-title[class*=elementor-size-]>a{color:inherit;font-size:inherit;line-height:inherit}.elementor-widget-heading .elementor-heading-title.elementor-size-small{font-size:15px}.elementor-widget-heading .elementor-heading-title.elementor-size-medium{font-size:19px}.elementor-widget-heading .elementor-heading-title.elementor-size-large{font-size:29px}.elementor-widget-heading .elementor-heading-title.elementor-size-xl{font-size:39px}.elementor-widget-heading .elementor-heading-title.elementor-size-xxl{font-size:59px}<\/style><h1 class=\"elementor-heading-title elementor-size-default\">Offrir un Cours<\/h1>\t\t<\/div>\n\t\t\t\t<\/div>\n\t\t\t\t<div class=\"elementor-element elementor-element-eab6495 elementor-widget elementor-widget-text-editor\" data-id=\"eab6495\" data-element_type=\"widget\" data-widget_type=\"text-editor.default\">\n\t\t\t\t<div class=\"elementor-widget-container\">\n\t\t\t<style>\/*! elementor - v3.15.0 - 09-08-2023 *\/\n.elementor-widget-text-editor.elementor-drop-cap-view-stacked .elementor-drop-cap{background-color:#69727d;color:#fff}.elementor-widget-text-editor.elementor-drop-cap-view-framed .elementor-drop-cap{color:#69727d;border:3px solid;background-color:transparent}.elementor-widget-text-editor:not(.elementor-drop-cap-view-default) .elementor-drop-cap{margin-top:8px}.elementor-widget-text-editor:not(.elementor-drop-cap-view-default) .elementor-drop-cap-letter{width:1em;height:1em}.elementor-widget-text-editor .elementor-drop-cap{float:left;text-align:center;line-height:1;font-size:50px}.elementor-widget-text-editor .elementor-drop-cap-letter{display:inline-block}<\/style>\t\t\t\t<div class=\"page\" title=\"Page 6\">\n<div class=\"section\">\n<div class=\"layoutArea\">\n<div class=\"column\">\n<p>Aimeriez-vous offrir un cours d'aquarelle \u00e0 quelqu'un de sp\u00e9cial et lui faire une surprise?&nbsp;<\/p>\n<p>Vous pouvez offrir mon cours priv\u00e9 de 2 heures d'aquarelle en cliquant sur le bouton ci dessous. Vous recevrez votre carte cadeau par email, et la personne g\u00e2t\u00e9e n'aura qu'\u00e0 m'\u00e9crire ou m'appeler pour choisir un cr\u00e9neau.<\/p>\n<ul>\n<\/ul>\n<\/div>\n<\/div>\n<\/div>\n<\/div>\t\t\t\t\t\t<\/div>\n\t\t\t\t<\/div>\n\t\t\t\t<div class=\"elementor-element elementor-element-c9290eb elementor-widget elementor-widget-text-editor\" data-id=\"c9290eb\" data-element_type=\"widget\" data-widget_type=\"text-editor.default\">\n\t\t\t\t<div class=\"elementor-widget-container\">\n\t\t\t\t\t\t\t<p>PRIX: 75\u20ac<\/p>\t\t\t\t\t\t<\/div>\n\t\t\t\t<\/div>\n\t\t\t\t<div class=\"elementor-element elementor-element-7d18ca5 elementor-add-to-cart--align-center elementor-widget elementor-widget-wc-add-to-cart\" data-id=\"7d18ca5\" data-element_type=\"widget\" data-widget_type=\"wc-add-to-cart.default\">\n\t\t\t\t<div class=\"elementor-widget-container\">\n\t\t\t<link rel=\"stylesheet\" href=\"https:\/\/leabstudio.com\/wp-content\/plugins\/elementor-pro\/assets\/css\/widget-woocommerce.min.css\">\t\t<div class=\"elementor-button-wrapper\">\n\t\t\t<a rel=\"nofollow\" href=\"?add-to-cart=573\" data-quantity=\"1\" data-product_id=\"573\" class=\"product_type_simple add_to_cart_button ajax_add_to_cart elementor-button elementor-size-md\" role=\"button\">\n\t\t\t\t\t\t<span class=\"elementor-button-content-wrapper\">\n\t\t\t\t\t\t<span class=\"elementor-button-icon elementor-align-icon-left\">\n\t\t\t\t<i aria-hidden=\"true\" class=\"fas fa-gift\"><\/i>\t\t\t<\/span>\n\t\t\t\t\t\t<span class=\"elementor-button-text\">Offrez un cours d'aquarelle<\/span>\n\t\t<\/span>\n\t\t\t\t\t<\/a>\n\t\t<\/div>\n\t\t\t\t<\/div>\n\t\t\t\t<\/div>\n\t\t\t\t<div class=\"elementor-element elementor-element-334cec0 elementor-align-center elementor-widget elementor-widget-button\" data-id=\"334cec0\" data-element_type=\"widget\" data-widget_type=\"button.default\">\n\t\t\t\t<div class=\"elementor-widget-container\">\n\t\t\t\t\t<div class=\"elementor-button-wrapper\">\n\t\t\t<a class=\"elementor-button elementor-button-link elementor-size-sm\" href=\"https:\/\/wa.me\/33613959421\">\n\t\t\t\t\t\t<span class=\"elementor-button-content-wrapper\">\n\t\t\t\t\t\t<span class=\"elementor-button-icon elementor-align-icon-left\">\n\t\t\t\t<i aria-hidden=\"true\" class=\"fab fa-whatsapp\"><\/i>\t\t\t<\/span>\n\t\t\t\t\t\t<span class=\"elementor-button-text\">\u00c9cris moi sur WhatsApp<\/span>\n\t\t<\/span>\n\t\t\t\t\t<\/a>\n\t\t<\/div>\n\t\t\t\t<\/div>\n\t\t\t\t<\/div>\n\t\t\t\t\t<\/div>\n\t\t<\/div>\n\t\t\t\t<div class=\"elementor-column elementor-col-50 elementor-top-column elementor-element elementor-element-f99669a\" data-id=\"f99669a\" data-element_type=\"column\">\n\t\t\t<div class=\"elementor-widget-wrap elementor-element-populated\">\n\t\t\t\t\t\t\t\t<div class=\"elementor-element elementor-element-c4f47af elementor-widget elementor-widget-image\" data-id=\"c4f47af\" data-element_type=\"widget\" data-widget_type=\"image.default\">\n\t\t\t\t<div class=\"elementor-widget-container\">\n\t\t\t<style>\/*! elementor - v3.15.0 - 09-08-2023 *\/\n.elementor-widget-image{text-align:center}.elementor-widget-image a{display:inline-block}.elementor-widget-image a img[src$=\".svg\"]{width:48px}.elementor-widget-image img{vertical-align:middle;display:inline-block}<\/style>\t\t\t\t\t\t\t\t\t\t\t\t<img loading=\"lazy\" decoding=\"async\" width=\"800\" height=\"800\" src=\"https:\/\/leabstudio.com\/wp-content\/uploads\/2023\/08\/Illustration_sans_titre-5-1024x1024.jpg\" class=\"attachment-large size-large wp-image-587\" alt=\"\" srcset=\"https:\/\/leabstudio.com\/wp-content\/uploads\/2023\/08\/Illustration_sans_titre-5-1024x1024.jpg 1024w, https:\/\/leabstudio.com\/wp-content\/uploads\/2023\/08\/Illustration_sans_titre-5-300x300.jpg 300w, https:\/\/leabstudio.com\/wp-content\/uploads\/2023\/08\/Illustration_sans_titre-5-150x150.jpg 150w, https:\/\/leabstudio.com\/wp-content\/uploads\/2023\/08\/Illustration_sans_titre-5-768x768.jpg 768w, https:\/\/leabstudio.com\/wp-content\/uploads\/2023\/08\/Illustration_sans_titre-5-1536x1536.jpg 1536w, https:\/\/leabstudio.com\/wp-content\/uploads\/2023\/08\/Illustration_sans_titre-5-12x12.jpg 12w, https:\/\/leabstudio.com\/wp-content\/uploads\/2023\/08\/Illustration_sans_titre-5-600x600.jpg 600w, https:\/\/leabstudio.com\/wp-content\/uploads\/2023\/08\/Illustration_sans_titre-5-100x100.jpg 100w, https:\/\/leabstudio.com\/wp-content\/uploads\/2023\/08\/Illustration_sans_titre-5.jpg 2048w\" sizes=\"auto, (max-width: 800px) 100vw, 800px\" \/>\t\t\t\t\t\t\t\t\t\t\t\t\t\t\t<\/div>\n\t\t\t\t<\/div>\n\t\t\t\t\t<\/div>\n\t\t<\/div>\n\t\t\t\t\t\t\t<\/div>\n\t\t<\/section>\n\t\t\t\t\t\t\t<\/div>","protected":false},"excerpt":{"rendered":"<p>Gift a Class Would you like to offer a watercolour class to someone special and give them a surprise?&nbsp; You can gift my 2 hours 1-on-1 introductory watercolor class by clicking on the button below. You will receive your gift card by email, and the loved one will just have to reach out to me [&hellip;]<\/p>","protected":false},"author":1,"featured_media":0,"parent":0,"menu_order":0,"comment_status":"closed","ping_status":"closed","template":"","meta":{"footnotes":""},"class_list":["post-296","page","type-page","status-publish","hentry"],"_links":{"self":[{"href":"https:\/\/leabstudio.com\/fr\/wp-json\/wp\/v2\/pages\/296","targetHints":{"allow":["GET"]}}],"collection":[{"href":"https:\/\/leabstudio.com\/fr\/wp-json\/wp\/v2\/pages"}],"about":[{"href":"https:\/\/leabstudio.com\/fr\/wp-json\/wp\/v2\/types\/page"}],"author":[{"embeddable":true,"href":"https:\/\/leabstudio.com\/fr\/wp-json\/wp\/v2\/users\/1"}],"replies":[{"embeddable":true,"href":"https:\/\/leabstudio.com\/fr\/wp-json\/wp\/v2\/comments?post=296"}],"version-history":[{"count":58,"href":"https:\/\/leabstudio.com\/fr\/wp-json\/wp\/v2\/pages\/296\/revisions"}],"predecessor-version":[{"id":607,"href":"https:\/\/leabstudio.com\/fr\/wp-json\/wp\/v2\/pages\/296\/revisions\/607"}],"wp:attachment":[{"href":"https:\/\/leabstudio.com\/fr\/wp-json\/wp\/v2\/media?parent=296"}],"curies":[{"name":"wp","href":"https:\/\/api.w.org\/{rel}","templated":true}]}}